{"id":6982,"date":"2022-03-08T20:34:15","date_gmt":"2022-03-08T20:34:15","guid":{"rendered":"https:\/\/ceomax.com.co\/?page_id=6982"},"modified":"2024-05-07T23:00:13","modified_gmt":"2024-05-07T23:00:13","slug":"estetica-dental","status":"publish","type":"page","link":"https:\/\/ceomax.com.co\/index.php\/estetica-dental\/","title":{"rendered":"ESTETICA FACIAL"},"content":{"rendered":"\t\t<div data-elementor-type=\"wp-page\" data-elementor-id=\"6982\" class=\"elementor elementor-6982\" data-elementor-settings=\"[]\">\n\t\t\t\t\t\t\t<div class=\"elementor-section-wrap\">\n\t\t\t\t\t\t\t<section class=\"elementor-section elementor-top-section elementor-element elementor-element-5fb7010 elementor-section-boxed elementor-section-height-default elementor-section-height-default\" data-id=\"5fb7010\" data-element_type=\"section\" data-settings=\"{&quot;background_background&quot;:&quot;gradient&quot;,&quot;shape_divider_bottom&quot;:&quot;lqd-custom-shape-12&quot;}\">\n\t\t\t\t\t<div class=\"elementor-shape elementor-shape-bottom\" data-negative=\"false\">\n\t\t\t<svg class=\"lqd-custom-shape\" xmlns=\"http:\/\/www.w3.org\/2000\/svg\" preserveAspectRatio=\"none\"  viewBox=\"0 0 1440 150\">\n    <path class=\"elementor-shape-fill\" d=\"M 0 26.1978 C 275.76 83.8152 430.707 65.0509 716.279 25.6386 C 930.422 -3.86123 1210.32 -3.98357 1439 9.18045 C 2072.34 45.9691 2201.93 62.4429 2560 26.198 V 172.199 L 0 172.199 V 26.1978 Z\">\n        <animate repeatCount=\"indefinite\" fill=\"freeze\" attributeName=\"d\" dur=\"10s\" values=\"M0 25.9086C277 84.5821 433 65.736 720 25.9086C934.818 -3.9019 1214.06 -5.23669 1442 8.06597C2079 45.2421 2208 63.5007 2560 25.9088V171.91L0 171.91V25.9086Z; M0 86.3149C316 86.315 444 159.155 884 51.1554C1324 -56.8446 1320.29 34.1214 1538 70.4063C1814 116.407 2156 188.408 2560 86.315V232.317L0 232.316V86.3149Z; M0 53.6584C158 11.0001 213 0 363 0C513 0 855.555 115.001 1154 115.001C1440 115.001 1626 -38.0004 2560 53.6585V199.66L0 199.66V53.6584Z; M0 25.9086C277 84.5821 433 65.736 720 25.9086C934.818 -3.9019 1214.06 -5.23669 1442 8.06597C2079 45.2421 2208 63.5007 2560 25.9088V171.91L0 171.91V25.9086Z\">\n        <\/animate>\n    <\/path>\n<\/svg>\t\t<\/div>\n\t\t\t\t\t<div class=\"elementor-container elementor-column-gap-default\">\n\t\t\t\t\t<div class=\"elementor-column elementor-col-100 elementor-top-column elementor-element elementor-element-ba3b91d\" data-id=\"ba3b91d\" data-element_type=\"column\">\n\t\t\t<div class=\"elementor-widget-wrap elementor-element-populated\">\n\t\t\t\t\t\t\t\t<section class=\"elementor-section elementor-inner-section elementor-element elementor-element-de4b000 elementor-section-boxed elementor-section-height-default elementor-section-height-default\" data-id=\"de4b000\" data-element_type=\"section\">\n\t\t\t\t\t\t<div class=\"elementor-container elementor-column-gap-default\">\n\t\t\t\t\t<div class=\"elementor-column elementor-col-100 elementor-inner-column elementor-element elementor-element-7458fab\" data-id=\"7458fab\" data-element_type=\"column\">\n\t\t\t<div class=\"elementor-widget-wrap elementor-element-populated\">\n\t\t\t\t\t\t\t\t<div class=\"elementor-element elementor-element-9e4d53f elementor-widget elementor-widget-hub_fancy_heading\" data-id=\"9e4d53f\" data-element_type=\"widget\" data-widget_type=\"hub_fancy_heading.default\">\n\t\t\t\t<div class=\"elementor-widget-container\">\n\t\t\t\n\t\t<div id=\"ld-fancy-heading-69d5727df398c\" class=\"ld-fancy-heading pos-rel\">\n\t\t\t<h1 class=\"ld-fh-element d-inline-block pos-rel elementor-heading-title lqd-highlight-classic lqd-highlight-grow-left h1\"  > Cirug\u00eda Maxilofacial<\/h1>\t\t<\/div>\n\n\t\t\t\t<\/div>\n\t\t\t\t<\/div>\n\t\t\t\t<div class=\"elementor-element elementor-element-889bf30 elementor-widget elementor-widget-hub_fancy_heading\" data-id=\"889bf30\" data-element_type=\"widget\" data-widget_type=\"hub_fancy_heading.default\">\n\t\t\t\t<div class=\"elementor-widget-container\">\n\t\t\t\n\t\t<div id=\"ld-fancy-heading-69d5727e01075\" class=\"ld-fancy-heading pos-rel\">\n\t\t\t<p class=\"ld-fh-element d-inline-block pos-rel lqd-highlight-classic lqd-highlight-grow-left p\"  > Nos caracterizamos por brindar un servicio enmarcado en una cultura de responsabilidad, contando con un excelente grupo de profesionales  con tecnolog\u00eda de punta  y materiales avanzados   que se resume en la calidad humana y en los tratamientos realizados.<\/p>\t\t<\/div>\n\n\t\t\t\t<\/div>\n\t\t\t\t<\/div>\n\t\t\t\t<div class=\"elementor-element elementor-element-e42acec elementor-widget elementor-widget-ld_button\" data-id=\"e42acec\" data-element_type=\"widget\" data-widget_type=\"ld_button.default\">\n\t\t\t\t<div class=\"elementor-widget-container\">\n\t\t\t\n\t\t<a  href=\"#\" class=\"elementor-button btn ws-nowrap btn-naked btn-icon-block btn-no-label\" data-localscroll=\"true\" data-localscroll-options=\"{&quot;scrollBelowSection&quot;:true}\" >\n\t\t\t\t\t\t\t\t\t\t\t<span class=\"btn-icon\">\n\t\t\t\t\t\t<i aria-hidden=\"true\" class=\"lqd-icn-ess icon-ion-ios-arrow-down\"><\/i>\t\t\t\t\t<\/span>\n\t\t\t\t\t\t\t<\/a>\n\n\t\t\t\t<\/div>\n\t\t\t\t<\/div>\n\t\t\t\t\t<\/div>\n\t\t<\/div>\n\t\t\t\t\t\t\t<\/div>\n\t\t<\/section>\n\t\t\t\t<div data-parallax=\"true\" data-parallax-options=\"{&quot;ease&quot;:[&quot;linear&quot;],&quot;start&quot;:&quot;top bottom&quot;,&quot;end&quot;:&quot;bottom+=0px top&quot;}\" data-parallax-from=\"{&quot;y&quot;:&quot;-200px&quot;}\" data-parallax-to=\"{&quot;y&quot;:&quot;130px&quot;}\" class=\"elementor-element elementor-element-d116d07 elementor-widget__width-initial elementor-absolute elementor-widget elementor-widget-ld_fancy_image\" data-id=\"d116d07\" data-element_type=\"widget\" data-settings=\"{&quot;_position&quot;:&quot;absolute&quot;}\" data-widget_type=\"ld_fancy_image.default\">\n\t\t\t\t<div class=\"elementor-widget-container\">\n\t\t\t\n\t\t\t<div class=\"lqd-imggrp-single d-block pos-rel\"   >\n\t\t\t\t\n\t\t\t\t<div class=\"lqd-imggrp-img-container d-inline-flex pos-rel align-items-center justify-content-center\"   >\n\t\t\t\t\t\n\t\t\t\t\t\t\t\n\t\t\t\t\t\t\t\t\t\t<figure class=\"w-100\"><img loading=\"lazy\" decoding=\"async\" width=\"429\" height=\"439\" src=\"https:\/\/ceomax.com.co\/wp-content\/uploads\/2021\/07\/blob-91.svg\" class=\"attachment-full size-full\" alt=\"\" \/><\/figure>\n\t\t\t\t\t\t\t\t\t\t\t\t\t\t\t\t\t\t\t\t\n\t\t\t\t<\/div>\n\t\t\t<\/div>\n\n\t\t\t\t<\/div>\n\t\t\t\t<\/div>\n\t\t\t\t\t<\/div>\n\t\t<\/div>\n\t\t\t\t\t\t\t<\/div>\n\t\t<\/section>\n\t\t\t\t<section class=\"elementor-section elementor-top-section elementor-element elementor-element-2b8f958 elementor-section-boxed elementor-section-height-default elementor-section-height-default\" data-id=\"2b8f958\" data-element_type=\"section\">\n\t\t\t\t\t\t<div class=\"elementor-container elementor-column-gap-default\">\n\t\t\t\t\t<div class=\"elementor-column elementor-col-100 elementor-top-column elementor-element elementor-element-340b71f\" data-id=\"340b71f\" data-element_type=\"column\">\n\t\t\t<div class=\"elementor-widget-wrap elementor-element-populated\">\n\t\t\t\t\t\t\t\t<div class=\"elementor-element elementor-element-e053ebf elementor-widget elementor-widget-hub_fancy_heading\" data-id=\"e053ebf\" data-element_type=\"widget\" data-widget_type=\"hub_fancy_heading.default\">\n\t\t\t\t<div class=\"elementor-widget-container\">\n\t\t\t\n\t\t<div id=\"ld-fancy-heading-69d5727e0af7d\" class=\"ld-fancy-heading pos-rel\">\n\t\t\t<h2 class=\"ld-fh-element d-inline-block pos-rel elementor-heading-title lqd-highlight-classic lqd-highlight-grow-left h2\"  > Cirug\u00eda ortogn\u00e1tica<\/h2>\t\t<\/div>\n\n\t\t\t\t<\/div>\n\t\t\t\t<\/div>\n\t\t\t\t<div class=\"elementor-element elementor-element-de31141 elementor-widget elementor-widget-ld_fancy_image\" data-id=\"de31141\" data-element_type=\"widget\" data-widget_type=\"ld_fancy_image.default\">\n\t\t\t\t<div class=\"elementor-widget-container\">\n\t\t\t\n\t\t\t<div class=\"lqd-imggrp-single d-block pos-rel\"   >\n\t\t\t\t\n\t\t\t\t<div class=\"lqd-imggrp-img-container d-inline-flex pos-rel align-items-center justify-content-center\"   >\n\t\t\t\t\t\n\t\t\t\t\t\t\t\n\t\t\t\t\t\t\t\t\t\t<figure class=\"w-100\"><img loading=\"lazy\" decoding=\"async\" width=\"1000\" height=\"550\" src=\"data:image\/svg+xml,%3Csvg xmlns=&#039;http:\/\/www.w3.org\/2000\/svg&#039; viewBox=&#039;0 0 1000 550&#039;%3E%3C\/svg%3E\" class=\"attachment-full size-full ld-lazyload\" alt=\"\" data-src=\"https:\/\/ceomax.com.co\/wp-content\/uploads\/2022\/03\/ortognatica1.jpg\" data-srcset=\"https:\/\/ceomax.com.co\/wp-content\/uploads\/2022\/03\/ortognatica1.jpg 1000w, https:\/\/ceomax.com.co\/wp-content\/uploads\/2022\/03\/ortognatica1-300x165.jpg 300w, https:\/\/ceomax.com.co\/wp-content\/uploads\/2022\/03\/ortognatica1-600x330.jpg 600w\" data-sizes=\"(max-width: 1000px) 100vw, 1000px\" data-aspect=\"1.8181818181818\" \/><\/figure>\n\t\t\t\t\t\t\t\t\t\t\t\t\t\t\t\t\t\t\t\t\n\t\t\t\t<\/div>\n\t\t\t<\/div>\n\n\t\t\t\t<\/div>\n\t\t\t\t<\/div>\n\t\t\t\t<div class=\"elementor-element elementor-element-9aacdd4 elementor-widget elementor-widget-hub_fancy_heading\" data-id=\"9aacdd4\" data-element_type=\"widget\" data-widget_type=\"hub_fancy_heading.default\">\n\t\t\t\t<div class=\"elementor-widget-container\">\n\t\t\t\n\t\t<div id=\"ld-fancy-heading-69d5727e16670\" class=\"ld-fancy-heading pos-rel\">\n\t\t\t<p class=\"ld-fh-element d-inline-block pos-rel lqd-highlight-classic lqd-highlight-grow-left p\"  > Es la correcci\u00f3n de la posici\u00f3n an\u00f3mala de los maxilares mediante un proceso quir\u00fargico guiado por computador. Este tipo de procedimiento es llevado a cabo previo a una evaluaci\u00f3n completa de forma multidisciplinaria en una cl\u00ednica que brinda seguridad absoluta a los pacientes. Por \u00faltimo esta cirug\u00eda no genera ning\u00fan tipo de cicatriz y puede hacerse de forma ambulatoria.<\/p>\t\t<\/div>\n\n\t\t\t\t<\/div>\n\t\t\t\t<\/div>\n\t\t\t\t<div class=\"elementor-element elementor-element-8c5f19e elementor-widget elementor-widget-ld_fancy_image\" data-id=\"8c5f19e\" data-element_type=\"widget\" data-widget_type=\"ld_fancy_image.default\">\n\t\t\t\t<div class=\"elementor-widget-container\">\n\t\t\t\n\t\t\t<div class=\"lqd-imggrp-single d-block pos-rel\"   >\n\t\t\t\t\n\t\t\t\t<div class=\"lqd-imggrp-img-container d-inline-flex pos-rel align-items-center justify-content-center\"   >\n\t\t\t\t\t\n\t\t\t\t\t\t\t\n\t\t\t\t\t\t\t\t\t\t<figure class=\"w-100\"><img loading=\"lazy\" decoding=\"async\" width=\"1000\" height=\"500\" src=\"data:image\/svg+xml,%3Csvg xmlns=&#039;http:\/\/www.w3.org\/2000\/svg&#039; viewBox=&#039;0 0 1000 500&#039;%3E%3C\/svg%3E\" class=\"attachment-full size-full ld-lazyload\" alt=\"\" data-src=\"https:\/\/ceomax.com.co\/wp-content\/uploads\/2022\/03\/ortognatica.jpg\" data-srcset=\"https:\/\/ceomax.com.co\/wp-content\/uploads\/2022\/03\/ortognatica.jpg 1000w, https:\/\/ceomax.com.co\/wp-content\/uploads\/2022\/03\/ortognatica-300x150.jpg 300w, https:\/\/ceomax.com.co\/wp-content\/uploads\/2022\/03\/ortognatica-600x300.jpg 600w\" data-sizes=\"(max-width: 1000px) 100vw, 1000px\" data-aspect=\"2\" \/><\/figure>\n\t\t\t\t\t\t\t\t\t\t\t\t\t\t\t\t\t\t\t\t\n\t\t\t\t<\/div>\n\t\t\t<\/div>\n\n\t\t\t\t<\/div>\n\t\t\t\t<\/div>\n\t\t\t\t\t<\/div>\n\t\t<\/div>\n\t\t\t\t\t\t\t<\/div>\n\t\t<\/section>\n\t\t\t\t<section class=\"elementor-section elementor-top-section elementor-element elementor-element-b5d6d58 elementor-section-boxed elementor-section-height-default elementor-section-height-default\" data-id=\"b5d6d58\" data-element_type=\"section\">\n\t\t\t\t\t\t<div class=\"elementor-container elementor-column-gap-default\">\n\t\t\t\t\t<div class=\"elementor-column elementor-col-100 elementor-top-column elementor-element elementor-element-7948e4c\" data-id=\"7948e4c\" data-element_type=\"column\">\n\t\t\t<div class=\"elementor-widget-wrap elementor-element-populated\">\n\t\t\t\t\t\t\t\t<div class=\"elementor-element elementor-element-b1022cf elementor-widget elementor-widget-hub_fancy_heading\" data-id=\"b1022cf\" data-element_type=\"widget\" data-widget_type=\"hub_fancy_heading.default\">\n\t\t\t\t<div class=\"elementor-widget-container\">\n\t\t\t\n\t\t<div id=\"ld-fancy-heading-69d5727e234eb\" class=\"ld-fancy-heading pos-rel\">\n\t\t\t<h2 class=\"ld-fh-element d-inline-block pos-rel elementor-heading-title lqd-highlight-classic lqd-highlight-grow-left h2\"  > Bichectom\u00eda<\/h2>\t\t<\/div>\n\n\t\t\t\t<\/div>\n\t\t\t\t<\/div>\n\t\t\t\t<div class=\"elementor-element elementor-element-a77c0d7 elementor-widget elementor-widget-hub_fancy_heading\" data-id=\"a77c0d7\" data-element_type=\"widget\" data-widget_type=\"hub_fancy_heading.default\">\n\t\t\t\t<div class=\"elementor-widget-container\">\n\t\t\t\n\t\t<div id=\"ld-fancy-heading-69d5727e2382c\" class=\"ld-fancy-heading pos-rel\">\n\t\t\t<p class=\"ld-fh-element d-inline-block pos-rel lqd-highlight-classic lqd-highlight-grow-left p\"  > Remoci\u00f3n de la bolsa grasa de bichat. Este tipo de procedimiento mejora el contorno facial, generando un perfilamiento de la cara.  El abordaje es intraoral y no hay necesidad de anestesia general para llevarla a cabo.<\/p>\t\t<\/div>\n\n\t\t\t\t<\/div>\n\t\t\t\t<\/div>\n\t\t\t\t<div class=\"elementor-element elementor-element-48d1fb2 elementor-widget elementor-widget-ld_fancy_image\" data-id=\"48d1fb2\" data-element_type=\"widget\" data-widget_type=\"ld_fancy_image.default\">\n\t\t\t\t<div class=\"elementor-widget-container\">\n\t\t\t\n\t\t\t<div class=\"lqd-imggrp-single d-block pos-rel\"   >\n\t\t\t\t\n\t\t\t\t<div class=\"lqd-imggrp-img-container d-inline-flex pos-rel align-items-center justify-content-center\"   >\n\t\t\t\t\t\n\t\t\t\t\t\t\t\n\t\t\t\t\t\t\t\t\t\t<figure class=\"w-100\"><img decoding=\"async\" src=\"https:\/\/ceomax.com.co\/wp-content\/uploads\/2022\/05\/bichetomia-720x480.jpg\" title=\"bichetomia\" alt=\"bichetomia\" \/><\/figure>\n\t\t\t\t\t\t\t\t\t\t\t\t\t\t\t\t\t\t\t\t\n\t\t\t\t<\/div>\n\t\t\t<\/div>\n\n\t\t\t\t<\/div>\n\t\t\t\t<\/div>\n\t\t\t\t\t<\/div>\n\t\t<\/div>\n\t\t\t\t\t\t\t<\/div>\n\t\t<\/section>\n\t\t\t\t<section class=\"elementor-section elementor-top-section elementor-element elementor-element-2b7f850 elementor-section-boxed elementor-section-height-default elementor-section-height-default\" data-id=\"2b7f850\" data-element_type=\"section\">\n\t\t\t\t\t\t<div class=\"elementor-container elementor-column-gap-default\">\n\t\t\t\t\t<div class=\"elementor-column elementor-col-100 elementor-top-column elementor-element elementor-element-3ea4043\" data-id=\"3ea4043\" data-element_type=\"column\">\n\t\t\t<div class=\"elementor-widget-wrap elementor-element-populated\">\n\t\t\t\t\t\t\t\t<div class=\"elementor-element elementor-element-26f3b06 elementor-widget elementor-widget-hub_fancy_heading\" data-id=\"26f3b06\" data-element_type=\"widget\" data-widget_type=\"hub_fancy_heading.default\">\n\t\t\t\t<div class=\"elementor-widget-container\">\n\t\t\t\n\t\t<div id=\"ld-fancy-heading-69d5727e2470b\" class=\"ld-fancy-heading pos-rel\">\n\t\t\t<h2 class=\"ld-fh-element d-inline-block pos-rel elementor-heading-title lqd-highlight-classic lqd-highlight-grow-left h2\"  > Colocaci\u00f3n de plasma y \u00e1cido hialur\u00f3nico:<\/h2>\t\t<\/div>\n\n\t\t\t\t<\/div>\n\t\t\t\t<\/div>\n\t\t\t\t<div class=\"elementor-element elementor-element-4dfa7ca elementor-widget elementor-widget-hub_fancy_heading\" data-id=\"4dfa7ca\" data-element_type=\"widget\" data-widget_type=\"hub_fancy_heading.default\">\n\t\t\t\t<div class=\"elementor-widget-container\">\n\t\t\t\n\t\t<div id=\"ld-fancy-heading-69d5727e249eb\" class=\"ld-fancy-heading pos-rel\">\n\t\t\t<p class=\"ld-fh-element d-inline-block pos-rel lqd-highlight-classic lqd-highlight-grow-left p\"  > Estos procedimientos cosm\u00e9ticos  mejoran la calidad de la piel y favorecen el rejuvenecimiento facial. <\/p>\t\t<\/div>\n\n\t\t\t\t<\/div>\n\t\t\t\t<\/div>\n\t\t\t\t\t<\/div>\n\t\t<\/div>\n\t\t\t\t\t\t\t<\/div>\n\t\t<\/section>\n\t\t\t\t<section class=\"elementor-section elementor-top-section elementor-element elementor-element-b647d56 elementor-section-boxed elementor-section-height-default elementor-section-height-default\" data-id=\"b647d56\" data-element_type=\"section\">\n\t\t\t\t\t\t<div class=\"elementor-container elementor-column-gap-default\">\n\t\t\t\t\t<div class=\"elementor-column elementor-col-100 elementor-top-column elementor-element elementor-element-51b7100\" data-id=\"51b7100\" data-element_type=\"column\">\n\t\t\t<div class=\"elementor-widget-wrap elementor-element-populated\">\n\t\t\t\t\t\t\t\t<div class=\"elementor-element elementor-element-51385f6 elementor-widget elementor-widget-hub_fancy_heading\" data-id=\"51385f6\" data-element_type=\"widget\" data-widget_type=\"hub_fancy_heading.default\">\n\t\t\t\t<div class=\"elementor-widget-container\">\n\t\t\t\n\t\t<div id=\"ld-fancy-heading-69d5727e25199\" class=\"ld-fancy-heading pos-rel\">\n\t\t\t<h2 class=\"ld-fh-element d-inline-block pos-rel elementor-heading-title lqd-highlight-classic lqd-highlight-grow-left h2\"  > Manejo quir\u00fargico de Sindrome \nde Apnea Obstructiva del sue\u00f1o<\/h2>\t\t<\/div>\n\n\t\t\t\t<\/div>\n\t\t\t\t<\/div>\n\t\t\t\t<div class=\"elementor-element elementor-element-2e75fb7 elementor-widget elementor-widget-ld_fancy_image\" data-id=\"2e75fb7\" data-element_type=\"widget\" data-widget_type=\"ld_fancy_image.default\">\n\t\t\t\t<div class=\"elementor-widget-container\">\n\t\t\t\n\t\t\t<div class=\"lqd-imggrp-single d-block pos-rel\"   >\n\t\t\t\t\n\t\t\t\t<div class=\"lqd-imggrp-img-container d-inline-flex pos-rel align-items-center justify-content-center\"   >\n\t\t\t\t\t\n\t\t\t\t\t\t\t\n\t\t\t\t\t\t\t\t\t\t<figure class=\"w-100\"><img loading=\"lazy\" decoding=\"async\" width=\"1100\" height=\"526\" src=\"data:image\/svg+xml,%3Csvg xmlns=&#039;http:\/\/www.w3.org\/2000\/svg&#039; viewBox=&#039;0 0 1100 526&#039;%3E%3C\/svg%3E\" class=\"attachment-full size-full ld-lazyload\" alt=\"\" data-src=\"https:\/\/ceomax.com.co\/wp-content\/uploads\/2024\/05\/apneasuno.jpg\" data-srcset=\"https:\/\/ceomax.com.co\/wp-content\/uploads\/2024\/05\/apneasuno.jpg 1100w, https:\/\/ceomax.com.co\/wp-content\/uploads\/2024\/05\/apneasuno-300x143.jpg 300w, https:\/\/ceomax.com.co\/wp-content\/uploads\/2024\/05\/apneasuno-1024x490.jpg 1024w, https:\/\/ceomax.com.co\/wp-content\/uploads\/2024\/05\/apneasuno-600x287.jpg 600w\" data-sizes=\"(max-width: 1100px) 100vw, 1100px\" data-aspect=\"2.0912547528517\" \/><\/figure>\n\t\t\t\t\t\t\t\t\t\t\t\t\t\t\t\t\t\t\t\t\n\t\t\t\t<\/div>\n\t\t\t<\/div>\n\n\t\t\t\t<\/div>\n\t\t\t\t<\/div>\n\t\t\t\t<div class=\"elementor-element elementor-element-c62afb8 elementor-widget elementor-widget-hub_fancy_heading\" data-id=\"c62afb8\" data-element_type=\"widget\" data-widget_type=\"hub_fancy_heading.default\">\n\t\t\t\t<div class=\"elementor-widget-container\">\n\t\t\t\n\t\t<div id=\"ld-fancy-heading-69d5727e3190f\" class=\"ld-fancy-heading pos-rel\">\n\t\t\t<p class=\"ld-fh-element d-inline-block pos-rel lqd-highlight-classic lqd-highlight-grow-left p\"  > Correcci\u00f3n definitiva mediante manejo quir\u00fargico<\/p>\t\t<\/div>\n\n\t\t\t\t<\/div>\n\t\t\t\t<\/div>\n\t\t\t\t<div class=\"elementor-element elementor-element-3dd20ea elementor-widget elementor-widget-ld_list\" data-id=\"3dd20ea\" data-element_type=\"widget\" data-widget_type=\"ld_list.default\">\n\t\t\t\t<div class=\"elementor-widget-container\">\n\t\t\t\t\t<div class=\"lqd-bullet-list\">\n\n\t\t\t<ul class=\"bullet-list-ul reset-ul\">\n\t\t\t\t\t\t\t\t\t\t<li class=\"d-flex align-items-center\">Trastorno del sue\u00f1o potencialmente grave en el que la respiraci\u00f3n se detiene y vuelve a comenzar repetidamente.<\/li>\n\t\t\t\t\t\t\t\t\t\t<li class=\"d-flex align-items-center\">Los factores de riesgo son la edad y la obesidad. Es m\u00e1s com\u00fan en hombres.<\/li>\n\t\t\t\t\t\t\t\t\t\t<li class=\"d-flex align-items-center\">Los s\u00edntomas son ronquidos fuertes y sensaci\u00f3n de cansancio, incluso despu\u00e9s de una noche completa de sue\u00f1o.<\/li>\n\t\t\t\t\t\t\t\t\t\t<li class=\"d-flex align-items-center\">Generalmente, el tratamiento incluye cambios en el estilo de vida, como la p\u00e9rdida de peso y el uso de un dispositivo de asistencia para la respiraci\u00f3n por las noches, como una m\u00e1quina de presi\u00f3n positiva continua de la v\u00eda a\u00e9rea (CPAP).<\/li>\n\t\t\t\t\t\t\t<\/ul>\n\n\t\t<\/div>\n\n\t\t\t\t<\/div>\n\t\t\t\t<\/div>\n\t\t\t\t\t<\/div>\n\t\t<\/div>\n\t\t\t\t\t\t\t<\/div>\n\t\t<\/section>\n\t\t\t\t\t\t<\/div>\n\t\t\t\t\t<\/div>\n\t\t","protected":false},"excerpt":{"rendered":"<p>Cirug\u00eda Maxilofacial Nos caracterizamos por brindar un servicio enmarcado en una cultura de responsabilidad, contando con un excelente grupo de profesionales con tecnolog\u00eda de punta y materiales avanzados que se resume en la calidad humana y en los tratamientos realizados. Cirug\u00eda ortogn\u00e1tica Es la correcci\u00f3n de la posici\u00f3n an\u00f3mala de los maxilares mediante un proceso [&hellip;]<\/p>\n","protected":false},"author":1,"featured_media":0,"parent":0,"menu_order":0,"comment_status":"closed","ping_status":"closed","template":"","meta":{"footnotes":""},"class_list":["post-6982","page","type-page","status-publish","hentry"],"_links":{"self":[{"href":"https:\/\/ceomax.com.co\/index.php\/wp-json\/wp\/v2\/pages\/6982","targetHints":{"allow":["GET"]}}],"collection":[{"href":"https:\/\/ceomax.com.co\/index.php\/wp-json\/wp\/v2\/pages"}],"about":[{"href":"https:\/\/ceomax.com.co\/index.php\/wp-json\/wp\/v2\/types\/page"}],"author":[{"embeddable":true,"href":"https:\/\/ceomax.com.co\/index.php\/wp-json\/wp\/v2\/users\/1"}],"replies":[{"embeddable":true,"href":"https:\/\/ceomax.com.co\/index.php\/wp-json\/wp\/v2\/comments?post=6982"}],"version-history":[{"count":32,"href":"https:\/\/ceomax.com.co\/index.php\/wp-json\/wp\/v2\/pages\/6982\/revisions"}],"predecessor-version":[{"id":7277,"href":"https:\/\/ceomax.com.co\/index.php\/wp-json\/wp\/v2\/pages\/6982\/revisions\/7277"}],"wp:attachment":[{"href":"https:\/\/ceomax.com.co\/index.php\/wp-json\/wp\/v2\/media?parent=6982"}],"curies":[{"name":"wp","href":"https:\/\/api.w.org\/{rel}","templated":true}]}}