{"id":6997,"date":"2022-03-08T20:51:16","date_gmt":"2022-03-08T20:51:16","guid":{"rendered":"https:\/\/ceomax.com.co\/?page_id=6997"},"modified":"2022-05-20T02:21:50","modified_gmt":"2022-05-20T02:21:50","slug":"ortodoncia","status":"publish","type":"page","link":"https:\/\/ceomax.com.co\/index.php\/ortodoncia\/","title":{"rendered":"Ortodoncia"},"content":{"rendered":"\t\t<div data-elementor-type=\"wp-page\" data-elementor-id=\"6997\" class=\"elementor elementor-6997\" data-elementor-settings=\"[]\">\n\t\t\t\t\t\t\t<div class=\"elementor-section-wrap\">\n\t\t\t\t\t\t\t<section class=\"elementor-section elementor-top-section elementor-element elementor-element-5fb7010 elementor-section-boxed elementor-section-height-default elementor-section-height-default\" data-id=\"5fb7010\" data-element_type=\"section\" data-settings=\"{&quot;background_background&quot;:&quot;gradient&quot;,&quot;shape_divider_bottom&quot;:&quot;lqd-custom-shape-12&quot;}\">\n\t\t\t\t\t<div class=\"elementor-shape elementor-shape-bottom\" data-negative=\"false\">\n\t\t\t<svg class=\"lqd-custom-shape\" xmlns=\"http:\/\/www.w3.org\/2000\/svg\" preserveAspectRatio=\"none\"  viewBox=\"0 0 1440 150\">\n    <path class=\"elementor-shape-fill\" d=\"M 0 26.1978 C 275.76 83.8152 430.707 65.0509 716.279 25.6386 C 930.422 -3.86123 1210.32 -3.98357 1439 9.18045 C 2072.34 45.9691 2201.93 62.4429 2560 26.198 V 172.199 L 0 172.199 V 26.1978 Z\">\n        <animate repeatCount=\"indefinite\" fill=\"freeze\" attributeName=\"d\" dur=\"10s\" values=\"M0 25.9086C277 84.5821 433 65.736 720 25.9086C934.818 -3.9019 1214.06 -5.23669 1442 8.06597C2079 45.2421 2208 63.5007 2560 25.9088V171.91L0 171.91V25.9086Z; M0 86.3149C316 86.315 444 159.155 884 51.1554C1324 -56.8446 1320.29 34.1214 1538 70.4063C1814 116.407 2156 188.408 2560 86.315V232.317L0 232.316V86.3149Z; M0 53.6584C158 11.0001 213 0 363 0C513 0 855.555 115.001 1154 115.001C1440 115.001 1626 -38.0004 2560 53.6585V199.66L0 199.66V53.6584Z; M0 25.9086C277 84.5821 433 65.736 720 25.9086C934.818 -3.9019 1214.06 -5.23669 1442 8.06597C2079 45.2421 2208 63.5007 2560 25.9088V171.91L0 171.91V25.9086Z\">\n        <\/animate>\n    <\/path>\n<\/svg>\t\t<\/div>\n\t\t\t\t\t<div class=\"elementor-container elementor-column-gap-default\">\n\t\t\t\t\t<div class=\"elementor-column elementor-col-100 elementor-top-column elementor-element elementor-element-ba3b91d\" data-id=\"ba3b91d\" data-element_type=\"column\">\n\t\t\t<div class=\"elementor-widget-wrap elementor-element-populated\">\n\t\t\t\t\t\t\t\t<section class=\"elementor-section elementor-inner-section elementor-element elementor-element-de4b000 elementor-section-boxed elementor-section-height-default elementor-section-height-default\" data-id=\"de4b000\" data-element_type=\"section\">\n\t\t\t\t\t\t<div class=\"elementor-container elementor-column-gap-default\">\n\t\t\t\t\t<div class=\"elementor-column elementor-col-100 elementor-inner-column elementor-element elementor-element-7458fab\" data-id=\"7458fab\" data-element_type=\"column\">\n\t\t\t<div class=\"elementor-widget-wrap elementor-element-populated\">\n\t\t\t\t\t\t\t\t<div class=\"elementor-element elementor-element-9e4d53f elementor-widget elementor-widget-hub_fancy_heading\" data-id=\"9e4d53f\" data-element_type=\"widget\" data-widget_type=\"hub_fancy_heading.default\">\n\t\t\t\t<div class=\"elementor-widget-container\">\n\t\t\t\n\t\t<div id=\"ld-fancy-heading-69d572c2b5cf9\" class=\"ld-fancy-heading pos-rel\">\n\t\t\t<h1 class=\"ld-fh-element d-inline-block pos-rel elementor-heading-title lqd-highlight-classic lqd-highlight-grow-left h1\"  > Ortodoncia<\/h1>\t\t<\/div>\n\n\t\t\t\t<\/div>\n\t\t\t\t<\/div>\n\t\t\t\t<div class=\"elementor-element elementor-element-889bf30 elementor-widget elementor-widget-hub_fancy_heading\" data-id=\"889bf30\" data-element_type=\"widget\" data-widget_type=\"hub_fancy_heading.default\">\n\t\t\t\t<div class=\"elementor-widget-container\">\n\t\t\t\n\t\t<div id=\"ld-fancy-heading-69d572c2b6300\" class=\"ld-fancy-heading pos-rel\">\n\t\t\t<p class=\"ld-fh-element d-inline-block pos-rel lqd-highlight-classic lqd-highlight-grow-left p\"  > Nos caracterizamos por brindar un servicio enmarcado en una cultura de responsabilidad, contando con un excelente grupo de profesionales  con tecnolog\u00eda de punta  y materiales avanzados   que se resume en la calidad humana y en los tratamientos realizados.<\/p>\t\t<\/div>\n\n\t\t\t\t<\/div>\n\t\t\t\t<\/div>\n\t\t\t\t<div class=\"elementor-element elementor-element-e42acec elementor-widget elementor-widget-ld_button\" data-id=\"e42acec\" data-element_type=\"widget\" data-widget_type=\"ld_button.default\">\n\t\t\t\t<div class=\"elementor-widget-container\">\n\t\t\t\n\t\t<a  href=\"#\" class=\"elementor-button btn ws-nowrap btn-naked btn-icon-block btn-no-label\" data-localscroll=\"true\" data-localscroll-options=\"{&quot;scrollBelowSection&quot;:true}\" >\n\t\t\t\t\t\t\t\t\t\t\t<span class=\"btn-icon\">\n\t\t\t\t\t\t<i aria-hidden=\"true\" class=\"lqd-icn-ess icon-ion-ios-arrow-down\"><\/i>\t\t\t\t\t<\/span>\n\t\t\t\t\t\t\t<\/a>\n\n\t\t\t\t<\/div>\n\t\t\t\t<\/div>\n\t\t\t\t\t<\/div>\n\t\t<\/div>\n\t\t\t\t\t\t\t<\/div>\n\t\t<\/section>\n\t\t\t\t<div data-parallax=\"true\" data-parallax-options=\"{&quot;ease&quot;:[&quot;linear&quot;],&quot;start&quot;:&quot;top bottom&quot;,&quot;end&quot;:&quot;bottom+=0px top&quot;}\" data-parallax-from=\"{&quot;y&quot;:&quot;-200px&quot;}\" data-parallax-to=\"{&quot;y&quot;:&quot;130px&quot;}\" class=\"elementor-element elementor-element-d116d07 elementor-widget__width-initial elementor-absolute elementor-widget elementor-widget-ld_fancy_image\" data-id=\"d116d07\" data-element_type=\"widget\" data-settings=\"{&quot;_position&quot;:&quot;absolute&quot;}\" data-widget_type=\"ld_fancy_image.default\">\n\t\t\t\t<div class=\"elementor-widget-container\">\n\t\t\t\n\t\t\t<div class=\"lqd-imggrp-single d-block pos-rel\"   >\n\t\t\t\t\n\t\t\t\t<div class=\"lqd-imggrp-img-container d-inline-flex pos-rel align-items-center justify-content-center\"   >\n\t\t\t\t\t\n\t\t\t\t\t\t\t\n\t\t\t\t\t\t\t\t\t\t<figure class=\"w-100\"><img loading=\"lazy\" decoding=\"async\" width=\"429\" height=\"439\" src=\"https:\/\/ceomax.com.co\/wp-content\/uploads\/2021\/07\/blob-91.svg\" class=\"attachment-full size-full\" alt=\"\" \/><\/figure>\n\t\t\t\t\t\t\t\t\t\t\t\t\t\t\t\t\t\t\t\t\n\t\t\t\t<\/div>\n\t\t\t<\/div>\n\n\t\t\t\t<\/div>\n\t\t\t\t<\/div>\n\t\t\t\t\t<\/div>\n\t\t<\/div>\n\t\t\t\t\t\t\t<\/div>\n\t\t<\/section>\n\t\t\t\t<section class=\"elementor-section elementor-top-section elementor-element elementor-element-cbd7c70 elementor-section-boxed elementor-section-height-default elementor-section-height-default\" data-id=\"cbd7c70\" data-element_type=\"section\">\n\t\t\t\t\t\t<div class=\"elementor-container elementor-column-gap-default\">\n\t\t\t\t\t<div class=\"elementor-column elementor-col-50 elementor-top-column elementor-element elementor-element-7ba0827\" data-id=\"7ba0827\" data-element_type=\"column\">\n\t\t\t<div class=\"elementor-widget-wrap elementor-element-populated\">\n\t\t\t\t\t\t\t\t<div class=\"elementor-element elementor-element-7d0bfb4 elementor-widget elementor-widget-hub_fancy_heading\" data-id=\"7d0bfb4\" data-element_type=\"widget\" data-widget_type=\"hub_fancy_heading.default\">\n\t\t\t\t<div class=\"elementor-widget-container\">\n\t\t\t\n\t\t<div id=\"ld-fancy-heading-69d572c2be7f9\" class=\"ld-fancy-heading pos-rel\">\n\t\t\t<h6 class=\"ld-fh-element d-inline-block pos-rel elementor-heading-title lqd-highlight-classic lqd-highlight-grow-left h6\"  > La ortodoncia es una rama especializada de la odontolog\u00eda, que realiza el diagn\u00f3stico y tratamiento de las alteraciones dentales y faciales.\nTiene como objetivo mejorar la calidad de vida del individuo, buscando equilibrar la forma y las funciones del aparato masticatorio, previniendo, corrigiendo o disimulando los problemas dento-faciales.\nSe obtiene como resultado simetr\u00eda y equilibrio, y consecuentemente una mejor est\u00e9tica.\n<\/h6>\t\t<\/div>\n\n\t\t\t\t<\/div>\n\t\t\t\t<\/div>\n\t\t\t\t\t<\/div>\n\t\t<\/div>\n\t\t\t\t<div class=\"elementor-column elementor-col-50 elementor-top-column elementor-element elementor-element-7e324b9\" data-id=\"7e324b9\" data-element_type=\"column\">\n\t\t\t<div class=\"elementor-widget-wrap elementor-element-populated\">\n\t\t\t\t\t\t\t\t<div class=\"elementor-element elementor-element-5f24101 elementor-widget elementor-widget-ld_fancy_image\" data-id=\"5f24101\" data-element_type=\"widget\" data-widget_type=\"ld_fancy_image.default\">\n\t\t\t\t<div class=\"elementor-widget-container\">\n\t\t\t\n\t\t\t<div class=\"lqd-imggrp-single d-block pos-rel\"   >\n\t\t\t\t\n\t\t\t\t<div class=\"lqd-imggrp-img-container d-inline-flex pos-rel align-items-center justify-content-center\"   >\n\t\t\t\t\t\n\t\t\t\t\t\t\t\n\t\t\t\t\t\t\t\t\t\t<figure class=\"w-100\"><img decoding=\"async\" src=\"https:\/\/ceomax.com.co\/wp-content\/uploads\/2022\/03\/ortodoncia1.jpg\" title=\"ortodoncia1\" alt=\"ortodoncia1\" \/><\/figure>\n\t\t\t\t\t\t\t\t\t\t\t\t\t\t\t\t\t\t\t\t\n\t\t\t\t<\/div>\n\t\t\t<\/div>\n\n\t\t\t\t<\/div>\n\t\t\t\t<\/div>\n\t\t\t\t\t<\/div>\n\t\t<\/div>\n\t\t\t\t\t\t\t<\/div>\n\t\t<\/section>\n\t\t\t\t<section class=\"elementor-section elementor-top-section elementor-element elementor-element-42ce9ac elementor-section-boxed elementor-section-height-default elementor-section-height-default\" data-id=\"42ce9ac\" data-element_type=\"section\">\n\t\t\t\t\t\t<div class=\"elementor-container elementor-column-gap-default\">\n\t\t\t\t\t<div class=\"elementor-column elementor-col-100 elementor-top-column elementor-element elementor-element-b03c14b\" data-id=\"b03c14b\" data-element_type=\"column\">\n\t\t\t<div class=\"elementor-widget-wrap elementor-element-populated\">\n\t\t\t\t\t\t\t\t<div class=\"elementor-element elementor-element-2c428ea elementor-widget elementor-widget-hub_fancy_heading\" data-id=\"2c428ea\" data-element_type=\"widget\" data-widget_type=\"hub_fancy_heading.default\">\n\t\t\t\t<div class=\"elementor-widget-container\">\n\t\t\t\n\t\t<div id=\"ld-fancy-heading-69d572c2bfb67\" class=\"ld-fancy-heading pos-rel\">\n\t\t\t<h2 class=\"ld-fh-element d-inline-block pos-rel elementor-heading-title lqd-highlight-classic lqd-highlight-grow-left h2\"  > T\u00c9CNICAS EMPLEADAS DE \u00daLTIMA GENERACI\u00d3N <\/h2>\t\t<\/div>\n\n\t\t\t\t<\/div>\n\t\t\t\t<\/div>\n\t\t\t\t\t<\/div>\n\t\t<\/div>\n\t\t\t\t\t\t\t<\/div>\n\t\t<\/section>\n\t\t\t\t<section class=\"elementor-section elementor-top-section elementor-element elementor-element-ecd39ac elementor-section-boxed elementor-section-height-default elementor-section-height-default\" data-id=\"ecd39ac\" data-element_type=\"section\">\n\t\t\t\t\t\t<div class=\"elementor-container elementor-column-gap-default\">\n\t\t\t\t\t<div class=\"elementor-column elementor-col-50 elementor-top-column elementor-element elementor-element-42f456f\" data-id=\"42f456f\" data-element_type=\"column\">\n\t\t\t<div class=\"elementor-widget-wrap elementor-element-populated\">\n\t\t\t\t\t\t\t\t<div class=\"elementor-element elementor-element-3717c09 elementor-widget elementor-widget-hub_fancy_heading\" data-id=\"3717c09\" data-element_type=\"widget\" data-widget_type=\"hub_fancy_heading.default\">\n\t\t\t\t<div class=\"elementor-widget-container\">\n\t\t\t\n\t\t<div id=\"ld-fancy-heading-69d572c2c0650\" class=\"ld-fancy-heading pos-rel\">\n\t\t\t<h3 class=\"ld-fh-element d-inline-block pos-rel elementor-heading-title lqd-highlight-classic lqd-highlight-grow-left h3\"  > Alineadores transparentes de \u00faltima generaci\u00f3n<\/h3>\t\t<\/div>\n\n\t\t\t\t<\/div>\n\t\t\t\t<\/div>\n\t\t\t\t<div class=\"elementor-element elementor-element-3961273 elementor-widget elementor-widget-ld_fancy_image\" data-id=\"3961273\" data-element_type=\"widget\" data-widget_type=\"ld_fancy_image.default\">\n\t\t\t\t<div class=\"elementor-widget-container\">\n\t\t\t\n\t\t\t<div class=\"lqd-imggrp-single d-block pos-rel\"   >\n\t\t\t\t\n\t\t\t\t<div class=\"lqd-imggrp-img-container d-inline-flex pos-rel align-items-center justify-content-center\"   >\n\t\t\t\t\t\n\t\t\t\t\t\t\t\n\t\t\t\t\t\t\t\t\t\t<figure class=\"w-100\"><img decoding=\"async\" src=\"https:\/\/ceomax.com.co\/wp-content\/uploads\/2022\/03\/invisiling.jpg\" title=\"invisiling\" alt=\"invisiling\" \/><\/figure>\n\t\t\t\t\t\t\t\t\t\t\t\t\t\t\t\t\t\t\t\t\n\t\t\t\t<\/div>\n\t\t\t<\/div>\n\n\t\t\t\t<\/div>\n\t\t\t\t<\/div>\n\t\t\t\t\t<\/div>\n\t\t<\/div>\n\t\t\t\t<div class=\"elementor-column elementor-col-50 elementor-top-column elementor-element elementor-element-02f3e3c\" data-id=\"02f3e3c\" data-element_type=\"column\">\n\t\t\t<div class=\"elementor-widget-wrap elementor-element-populated\">\n\t\t\t\t\t\t\t\t<div class=\"elementor-element elementor-element-a10ffe1 elementor-widget elementor-widget-hub_fancy_heading\" data-id=\"a10ffe1\" data-element_type=\"widget\" data-widget_type=\"hub_fancy_heading.default\">\n\t\t\t\t<div class=\"elementor-widget-container\">\n\t\t\t\n\t\t<div id=\"ld-fancy-heading-69d572c2c164f\" class=\"ld-fancy-heading pos-rel\">\n\t\t\t<p class=\"ld-fh-element d-inline-block pos-rel lqd-highlight-classic lqd-highlight-grow-left p\"  > El tratamiento de ortodoncia con Invisalign\u00ae consiste en una serie de alineadores pr\u00e1cticamente invisibles y extra\u00edbles que se cambian cada dos semanas.<br>\n<br>Cada uno de los alineadores se fabrica espec\u00edficamente para tus dientes, y s\u00f3lo para tus dientes.\nAdem\u00e1s, gracias al software <br><br>ClinCheck\u00ae de Invisalign\u00ae realizaremos una animaci\u00f3n en 3D de tu boca con los movimientos de tus dientes de principio a fin.<br><br>\nPodr\u00e1s comprobar antes de empezar el tratamiento, c\u00f3mo van a quedar tus dientes.\n<\/p>\t\t<\/div>\n\n\t\t\t\t<\/div>\n\t\t\t\t<\/div>\n\t\t\t\t\t<\/div>\n\t\t<\/div>\n\t\t\t\t\t\t\t<\/div>\n\t\t<\/section>\n\t\t\t\t<section class=\"elementor-section elementor-top-section elementor-element elementor-element-eb3ca37 elementor-section-boxed elementor-section-height-default elementor-section-height-default\" data-id=\"eb3ca37\" data-element_type=\"section\">\n\t\t\t\t\t\t<div class=\"elementor-container elementor-column-gap-default\">\n\t\t\t\t\t<div class=\"elementor-column elementor-col-100 elementor-top-column elementor-element elementor-element-68d0d41\" data-id=\"68d0d41\" data-element_type=\"column\">\n\t\t\t<div class=\"elementor-widget-wrap elementor-element-populated\">\n\t\t\t\t\t\t\t\t<div class=\"elementor-element elementor-element-869b780 elementor-widget elementor-widget-hub_fancy_heading\" data-id=\"869b780\" data-element_type=\"widget\" data-widget_type=\"hub_fancy_heading.default\">\n\t\t\t\t<div class=\"elementor-widget-container\">\n\t\t\t\n\t\t<div id=\"ld-fancy-heading-69d572c2c221d\" class=\"ld-fancy-heading pos-rel\">\n\t\t\t<p class=\"ld-fh-element d-inline-block pos-rel lqd-highlight-classic lqd-highlight-grow-left p\"  > Invisalign\u00ae es la mejor manera de mejorar tu sonrisa sin alterar tu vida cotidiana. Invisalign\u00ae est\u00e1 cada vez m\u00e1s solicitado por:<br><ul><li>Su elevada est\u00e9tica.<\/li>\n\n<li>Son muy c\u00f3modos, no hay roces y la adaptaci\u00f3n a la presi\u00f3n es m\u00e1s r\u00e1pida.\n<\/li>\n\n<li>\nPermite comer libremente cualquier cosa sin las limitaciones por el riesgo del descementado de los brackets.\n<\/li>\n\n<li>\nFacilita la higiene, como el uso del hilo dental.\n<\/li>\n\n<li>\nEvita la inc\u00f3moda retenci\u00f3n de alimentos.\n<\/li>\n\n<\/p>\t\t<\/div>\n\n\t\t\t\t<\/div>\n\t\t\t\t<\/div>\n\t\t\t\t\t<\/div>\n\t\t<\/div>\n\t\t\t\t\t\t\t<\/div>\n\t\t<\/section>\n\t\t\t\t<section class=\"elementor-section elementor-top-section elementor-element elementor-element-d05ce62 elementor-section-boxed elementor-section-height-default elementor-section-height-default\" data-id=\"d05ce62\" data-element_type=\"section\">\n\t\t\t\t\t\t<div class=\"elementor-container elementor-column-gap-default\">\n\t\t\t\t\t<div class=\"elementor-column elementor-col-50 elementor-top-column elementor-element elementor-element-7c978c3\" data-id=\"7c978c3\" data-element_type=\"column\">\n\t\t\t<div class=\"elementor-widget-wrap elementor-element-populated\">\n\t\t\t\t\t\t\t\t<div class=\"elementor-element elementor-element-8b53ac4 elementor-widget elementor-widget-hub_fancy_heading\" data-id=\"8b53ac4\" data-element_type=\"widget\" data-widget_type=\"hub_fancy_heading.default\">\n\t\t\t\t<div class=\"elementor-widget-container\">\n\t\t\t\n\t\t<div id=\"ld-fancy-heading-69d572c2c2d7b\" class=\"ld-fancy-heading pos-rel\">\n\t\t\t<h3 class=\"ld-fh-element d-inline-block pos-rel elementor-heading-title lqd-highlight-classic lqd-highlight-grow-left h3\"  > Brackets de autoligado<\/h3>\t\t<\/div>\n\n\t\t\t\t<\/div>\n\t\t\t\t<\/div>\n\t\t\t\t<div class=\"elementor-element elementor-element-27676c9 elementor-widget elementor-widget-hub_fancy_heading\" data-id=\"27676c9\" data-element_type=\"widget\" data-widget_type=\"hub_fancy_heading.default\">\n\t\t\t\t<div class=\"elementor-widget-container\">\n\t\t\t\n\t\t<div id=\"ld-fancy-heading-69d572c2c329a\" class=\"ld-fancy-heading pos-rel\">\n\t\t\t<p class=\"ld-fh-element d-inline-block pos-rel lqd-highlight-classic lqd-highlight-grow-left p\"  > Es una t\u00e9cnica de ortodoncia que utiliza brackets que tienen una compuerta que atrapa un alambre de acero de alta calidad.<br>\n Sin necesidad de ligaduras o gomitas. Al cerrar la compuerta el alambre que rodea el arco dental queda atrapado por el bracket y \u00e9ste unido al diente.<\/p>\t\t<\/div>\n\n\t\t\t\t<\/div>\n\t\t\t\t<\/div>\n\t\t\t\t\t<\/div>\n\t\t<\/div>\n\t\t\t\t<div class=\"elementor-column elementor-col-50 elementor-top-column elementor-element elementor-element-cf977bc\" data-id=\"cf977bc\" data-element_type=\"column\">\n\t\t\t<div class=\"elementor-widget-wrap elementor-element-populated\">\n\t\t\t\t\t\t\t\t<div class=\"elementor-element elementor-element-a43ab6a elementor-widget elementor-widget-ld_fancy_image\" data-id=\"a43ab6a\" data-element_type=\"widget\" data-widget_type=\"ld_fancy_image.default\">\n\t\t\t\t<div class=\"elementor-widget-container\">\n\t\t\t\n\t\t\t<div class=\"lqd-imggrp-single d-block pos-rel\"   >\n\t\t\t\t\n\t\t\t\t<div class=\"lqd-imggrp-img-container d-inline-flex pos-rel align-items-center justify-content-center\"   >\n\t\t\t\t\t\n\t\t\t\t\t\t\t\n\t\t\t\t\t\t\t\t\t\t<figure class=\"w-100\"><img decoding=\"async\" src=\"https:\/\/ceomax.com.co\/wp-content\/uploads\/2022\/03\/autoligado.jpg\" title=\"autoligado\" alt=\"autoligado\" \/><\/figure>\n\t\t\t\t\t\t\t\t\t\t\t\t\t\t\t\t\t\t\t\t\n\t\t\t\t<\/div>\n\t\t\t<\/div>\n\n\t\t\t\t<\/div>\n\t\t\t\t<\/div>\n\t\t\t\t\t<\/div>\n\t\t<\/div>\n\t\t\t\t\t\t\t<\/div>\n\t\t<\/section>\n\t\t\t\t<section class=\"elementor-section elementor-top-section elementor-element elementor-element-e03678c elementor-section-boxed elementor-section-height-default elementor-section-height-default\" data-id=\"e03678c\" data-element_type=\"section\">\n\t\t\t\t\t\t<div class=\"elementor-container elementor-column-gap-default\">\n\t\t\t\t\t<div class=\"elementor-column elementor-col-100 elementor-top-column elementor-element elementor-element-31782ae\" data-id=\"31782ae\" data-element_type=\"column\">\n\t\t\t<div class=\"elementor-widget-wrap elementor-element-populated\">\n\t\t\t\t\t\t\t\t<div class=\"elementor-element elementor-element-2ebe39f elementor-widget elementor-widget-hub_fancy_heading\" data-id=\"2ebe39f\" data-element_type=\"widget\" data-widget_type=\"hub_fancy_heading.default\">\n\t\t\t\t<div class=\"elementor-widget-container\">\n\t\t\t\n\t\t<div id=\"ld-fancy-heading-69d572c2c48ff\" class=\"ld-fancy-heading pos-rel\">\n\t\t\t<p class=\"ld-fh-element d-inline-block pos-rel lqd-highlight-classic lqd-highlight-grow-left p\"  > Realizar un tratamiento de ortodoncia correctiva utilizando brackets autoligados nos permite:<ul><li>Acortar el tratamiento: los tratamientos duran de media 6 meses menos que con sistemas convencionales, ya que su sistema de anclaje nos proporciona movimientos m\u00e1s r\u00e1pidos de los dientes.<\/li>\n\n<li>Mejor higiene: retienen menos comida y placa bacteriana ya que no es necesario utilizar ligaduras, que son las gomitas imprescindibles en una ortodoncia convencional para unir el alambre y el bracket.\n\n\n<\/li>\n\n<li>\nNo extracciones: en la mayor\u00eda de casos no es necesario realizar extracciones dentales, ya que son brackets que permiten crear m\u00e1s espacio para alinear los dientes.\n\n\n<\/li>\n\n<li>\nMayor comodidad: provocan menos llagas y rozaduras en los tejidos blandos resultando muy c\u00f3modos de llevar.\n\n\n<\/li>\n\n<li>\nEst\u00e9tica mejorada: nos permiten alinear los dientes dibujando amplias sonrisas.\n<\/li>\n\n<\/ul>\n<\/p>\t\t<\/div>\n\n\t\t\t\t<\/div>\n\t\t\t\t<\/div>\n\t\t\t\t<div class=\"elementor-element elementor-element-603459a elementor-widget elementor-widget-hub_fancy_heading\" data-id=\"603459a\" data-element_type=\"widget\" data-widget_type=\"hub_fancy_heading.default\">\n\t\t\t\t<div class=\"elementor-widget-container\">\n\t\t\t\n\t\t<div id=\"ld-fancy-heading-69d572c2c4d3c\" class=\"ld-fancy-heading pos-rel\">\n\t\t\t<h6 class=\"ld-fh-element d-inline-block pos-rel elementor-heading-title lqd-highlight-classic lqd-highlight-grow-left h6\"  > Los brackets autoligados pueden ser de color met\u00e1lico o blancos, para los pacientes que quieran mayor est\u00e9tica.<\/h6>\t\t<\/div>\n\n\t\t\t\t<\/div>\n\t\t\t\t<\/div>\n\t\t\t\t\t<\/div>\n\t\t<\/div>\n\t\t\t\t\t\t\t<\/div>\n\t\t<\/section>\n\t\t\t\t\t\t<\/div>\n\t\t\t\t\t<\/div>\n\t\t","protected":false},"excerpt":{"rendered":"<p>Ortodoncia Nos caracterizamos por brindar un servicio enmarcado en una cultura de responsabilidad, contando con un excelente grupo de profesionales con tecnolog\u00eda de punta y materiales avanzados que se resume en la calidad humana y en los tratamientos realizados. La ortodoncia es una rama especializada de la odontolog\u00eda, que realiza el diagn\u00f3stico y tratamiento de [&hellip;]<\/p>\n","protected":false},"author":1,"featured_media":0,"parent":0,"menu_order":0,"comment_status":"closed","ping_status":"closed","template":"","meta":{"footnotes":""},"class_list":["post-6997","page","type-page","status-publish","hentry"],"_links":{"self":[{"href":"https:\/\/ceomax.com.co\/index.php\/wp-json\/wp\/v2\/pages\/6997","targetHints":{"allow":["GET"]}}],"collection":[{"href":"https:\/\/ceomax.com.co\/index.php\/wp-json\/wp\/v2\/pages"}],"about":[{"href":"https:\/\/ceomax.com.co\/index.php\/wp-json\/wp\/v2\/types\/page"}],"author":[{"embeddable":true,"href":"https:\/\/ceomax.com.co\/index.php\/wp-json\/wp\/v2\/users\/1"}],"replies":[{"embeddable":true,"href":"https:\/\/ceomax.com.co\/index.php\/wp-json\/wp\/v2\/comments?post=6997"}],"version-history":[{"count":13,"href":"https:\/\/ceomax.com.co\/index.php\/wp-json\/wp\/v2\/pages\/6997\/revisions"}],"predecessor-version":[{"id":7195,"href":"https:\/\/ceomax.com.co\/index.php\/wp-json\/wp\/v2\/pages\/6997\/revisions\/7195"}],"wp:attachment":[{"href":"https:\/\/ceomax.com.co\/index.php\/wp-json\/wp\/v2\/media?parent=6997"}],"curies":[{"name":"wp","href":"https:\/\/api.w.org\/{rel}","templated":true}]}}